{"id":20919,"date":"2021-04-04T22:13:11","date_gmt":"2021-04-04T22:13:11","guid":{"rendered":"https:\/\/cmfionline.org\/blog\/"},"modified":"2026-03-11T08:20:28","modified_gmt":"2026-03-11T08:20:28","slug":"blog","status":"publish","type":"page","link":"https:\/\/cmfionline.org\/de\/blog\/","title":{"rendered":"Blog"},"content":{"rendered":"<p>Le moment id\u00e9al se pr\u00e9sente, et <a href='https:\/\/betonred-fr.fr'>bet on red casino no deposit bonus<\/a> ouvre un terrain favorable soutenu par des promos pr\u00eates \u00e0 \u00eatre activ\u00e9es. Le prestige des salles l\u00e9gendaires se retrouve dans l\u2019exp\u00e9rience; jouez avec l\u2019assurance de ceux qui montent en puissance. quand le timing est parfaitement align\u00e9, continuez sans h\u00e9siter.<\/p>\n","protected":false},"excerpt":{"rendered":"<p>Le moment id\u00e9al se pr\u00e9sente, et bet on red casino no deposit bonus ouvre un terrain favorable soutenu par des promos pr\u00eates \u00e0 \u00eatre activ\u00e9es. Le prestige des salles l\u00e9gendaires se retrouve dans l\u2019exp\u00e9rience; jouez avec l\u2019assurance de ceux qui&#8230;<\/p>\n","protected":false},"author":1,"featured_media":0,"parent":0,"menu_order":0,"comment_status":"closed","ping_status":"closed","template":"templates\/template-blog-right-sidebar.php","meta":{"footnotes":""},"class_list":["post-20919","page","type-page","status-publish","hentry"],"yoast_head":"<!-- This site is optimized with the Yoast SEO plugin v27.5 - https:\/\/yoast.com\/product\/yoast-seo-wordpress\/ -->\n<title>Blog &#187; Christian Missionary Fellowship International (CMFI)<\/title>\n<meta name=\"robots\" content=\"index, follow, max-snippet:-1, max-image-preview:large, max-video-preview:-1\" \/>\n<link rel=\"canonical\" href=\"https:\/\/cmfionline.org\/de\/blog\/\" \/>\n<meta property=\"og:locale\" content=\"de_DE\" \/>\n<meta property=\"og:type\" content=\"article\" \/>\n<meta property=\"og:title\" content=\"Blog &#187; Christian Missionary Fellowship International (CMFI)\" \/>\n<meta property=\"og:description\" content=\"Le moment id\u00e9al se pr\u00e9sente, et bet on red casino no deposit bonus ouvre un terrain favorable soutenu par des promos pr\u00eates \u00e0 \u00eatre activ\u00e9es. Le prestige des salles l\u00e9gendaires se retrouve dans l\u2019exp\u00e9rience; jouez avec l\u2019assurance de ceux qui...\" \/>\n<meta property=\"og:url\" content=\"https:\/\/cmfionline.org\/de\/blog\/\" \/>\n<meta property=\"og:site_name\" content=\"Christian Missionary Fellowship International (CMFI)\" \/>\n<meta property=\"article:publisher\" content=\"https:\/\/facebook.com\/cmfionline\" \/>\n<meta property=\"article:modified_time\" content=\"2026-03-11T08:20:28+00:00\" \/>\n<meta property=\"og:image\" content=\"https:\/\/cmfionline.org\/wp-content\/uploads\/2024\/01\/event_cover_image_h1200px.jpg\" \/>\n\t<meta property=\"og:image:width\" content=\"2133\" \/>\n\t<meta property=\"og:image:height\" content=\"1200\" \/>\n\t<meta property=\"og:image:type\" content=\"image\/jpeg\" \/>\n<meta name=\"twitter:card\" content=\"summary_large_image\" \/>\n<meta name=\"twitter:site\" content=\"@cmfionline\" \/>\n<script type=\"application\/ld+json\" class=\"yoast-schema-graph\">{\"@context\":\"https:\\\/\\\/schema.org\",\"@graph\":[{\"@type\":\"WebPage\",\"@id\":\"https:\\\/\\\/cmfionline.org\\\/de\\\/blog\\\/\",\"url\":\"https:\\\/\\\/cmfionline.org\\\/de\\\/blog\\\/\",\"name\":\"Blog &#187; Christian Missionary Fellowship International (CMFI)\",\"isPartOf\":{\"@id\":\"https:\\\/\\\/cmfionline.org\\\/fr\\\/#website\"},\"datePublished\":\"2021-04-04T22:13:11+00:00\",\"dateModified\":\"2026-03-11T08:20:28+00:00\",\"breadcrumb\":{\"@id\":\"https:\\\/\\\/cmfionline.org\\\/de\\\/blog\\\/#breadcrumb\"},\"inLanguage\":\"de\",\"potentialAction\":[{\"@type\":\"ReadAction\",\"target\":[\"https:\\\/\\\/cmfionline.org\\\/de\\\/blog\\\/\"]}]},{\"@type\":\"BreadcrumbList\",\"@id\":\"https:\\\/\\\/cmfionline.org\\\/de\\\/blog\\\/#breadcrumb\",\"itemListElement\":[{\"@type\":\"ListItem\",\"position\":1,\"name\":\"Home\",\"item\":\"https:\\\/\\\/cmfionline.org\\\/\"},{\"@type\":\"ListItem\",\"position\":2,\"name\":\"Blog\"}]},{\"@type\":\"WebSite\",\"@id\":\"https:\\\/\\\/cmfionline.org\\\/fr\\\/#website\",\"url\":\"https:\\\/\\\/cmfionline.org\\\/fr\\\/\",\"name\":\"CMFIONLINE\",\"description\":\"Go ... and make disciples of all nations\",\"publisher\":{\"@id\":\"https:\\\/\\\/cmfionline.org\\\/fr\\\/#organization\"},\"alternateName\":\"THE ZACH FOMUM MINISTRY\",\"potentialAction\":[{\"@type\":\"SearchAction\",\"target\":{\"@type\":\"EntryPoint\",\"urlTemplate\":\"https:\\\/\\\/cmfionline.org\\\/fr\\\/?s={search_term_string}\"},\"query-input\":{\"@type\":\"PropertyValueSpecification\",\"valueRequired\":true,\"valueName\":\"search_term_string\"}}],\"inLanguage\":\"de\"},{\"@type\":\"Organization\",\"@id\":\"https:\\\/\\\/cmfionline.org\\\/fr\\\/#organization\",\"name\":\"Christian Missionary Fellowship International (CMFI)\",\"alternateName\":\"ZTF MINISTRY\",\"url\":\"https:\\\/\\\/cmfionline.org\\\/fr\\\/\",\"logo\":{\"@type\":\"ImageObject\",\"inLanguage\":\"de\",\"@id\":\"https:\\\/\\\/cmfionline.org\\\/fr\\\/#\\\/schema\\\/logo\\\/image\\\/\",\"url\":\"https:\\\/\\\/i0.wp.com\\\/cmfionline.org\\\/wp-content\\\/uploads\\\/2024\\\/01\\\/cmfi_logo_04_en.png?fit=672%2C586&ssl=1\",\"contentUrl\":\"https:\\\/\\\/i0.wp.com\\\/cmfionline.org\\\/wp-content\\\/uploads\\\/2024\\\/01\\\/cmfi_logo_04_en.png?fit=672%2C586&ssl=1\",\"width\":672,\"height\":586,\"caption\":\"Christian Missionary Fellowship International (CMFI)\"},\"image\":{\"@id\":\"https:\\\/\\\/cmfionline.org\\\/fr\\\/#\\\/schema\\\/logo\\\/image\\\/\"},\"sameAs\":[\"https:\\\/\\\/facebook.com\\\/cmfionline\",\"https:\\\/\\\/x.com\\\/cmfionline\",\"https:\\\/\\\/www.youtube.com\\\/@ZTFMINISTRY\"]}]}<\/script>\n<!-- \/ Yoast SEO plugin. -->","yoast_head_json":{"title":"Blog &#187; Christian Missionary Fellowship International (CMFI)","robots":{"index":"index","follow":"follow","max-snippet":"max-snippet:-1","max-image-preview":"max-image-preview:large","max-video-preview":"max-video-preview:-1"},"canonical":"https:\/\/cmfionline.org\/de\/blog\/","og_locale":"de_DE","og_type":"article","og_title":"Blog &#187; Christian Missionary Fellowship International (CMFI)","og_description":"Le moment id\u00e9al se pr\u00e9sente, et bet on red casino no deposit bonus ouvre un terrain favorable soutenu par des promos pr\u00eates \u00e0 \u00eatre activ\u00e9es. Le prestige des salles l\u00e9gendaires se retrouve dans l\u2019exp\u00e9rience; jouez avec l\u2019assurance de ceux qui...","og_url":"https:\/\/cmfionline.org\/de\/blog\/","og_site_name":"Christian Missionary Fellowship International (CMFI)","article_publisher":"https:\/\/facebook.com\/cmfionline","article_modified_time":"2026-03-11T08:20:28+00:00","og_image":[{"width":2133,"height":1200,"url":"https:\/\/cmfionline.org\/wp-content\/uploads\/2024\/01\/event_cover_image_h1200px.jpg","type":"image\/jpeg"}],"twitter_card":"summary_large_image","twitter_site":"@cmfionline","schema":{"@context":"https:\/\/schema.org","@graph":[{"@type":"WebPage","@id":"https:\/\/cmfionline.org\/de\/blog\/","url":"https:\/\/cmfionline.org\/de\/blog\/","name":"Blog &#187; Christian Missionary Fellowship International (CMFI)","isPartOf":{"@id":"https:\/\/cmfionline.org\/fr\/#website"},"datePublished":"2021-04-04T22:13:11+00:00","dateModified":"2026-03-11T08:20:28+00:00","breadcrumb":{"@id":"https:\/\/cmfionline.org\/de\/blog\/#breadcrumb"},"inLanguage":"de","potentialAction":[{"@type":"ReadAction","target":["https:\/\/cmfionline.org\/de\/blog\/"]}]},{"@type":"BreadcrumbList","@id":"https:\/\/cmfionline.org\/de\/blog\/#breadcrumb","itemListElement":[{"@type":"ListItem","position":1,"name":"Home","item":"https:\/\/cmfionline.org\/"},{"@type":"ListItem","position":2,"name":"Blog"}]},{"@type":"WebSite","@id":"https:\/\/cmfionline.org\/fr\/#website","url":"https:\/\/cmfionline.org\/fr\/","name":"CMFIONLINE","description":"Go ... and make disciples of all nations","publisher":{"@id":"https:\/\/cmfionline.org\/fr\/#organization"},"alternateName":"THE ZACH FOMUM MINISTRY","potentialAction":[{"@type":"SearchAction","target":{"@type":"EntryPoint","urlTemplate":"https:\/\/cmfionline.org\/fr\/?s={search_term_string}"},"query-input":{"@type":"PropertyValueSpecification","valueRequired":true,"valueName":"search_term_string"}}],"inLanguage":"de"},{"@type":"Organization","@id":"https:\/\/cmfionline.org\/fr\/#organization","name":"Christian Missionary Fellowship International (CMFI)","alternateName":"ZTF MINISTRY","url":"https:\/\/cmfionline.org\/fr\/","logo":{"@type":"ImageObject","inLanguage":"de","@id":"https:\/\/cmfionline.org\/fr\/#\/schema\/logo\/image\/","url":"https:\/\/i0.wp.com\/cmfionline.org\/wp-content\/uploads\/2024\/01\/cmfi_logo_04_en.png?fit=672%2C586&ssl=1","contentUrl":"https:\/\/i0.wp.com\/cmfionline.org\/wp-content\/uploads\/2024\/01\/cmfi_logo_04_en.png?fit=672%2C586&ssl=1","width":672,"height":586,"caption":"Christian Missionary Fellowship International (CMFI)"},"image":{"@id":"https:\/\/cmfionline.org\/fr\/#\/schema\/logo\/image\/"},"sameAs":["https:\/\/facebook.com\/cmfionline","https:\/\/x.com\/cmfionline","https:\/\/www.youtube.com\/@ZTFMINISTRY"]}]}},"_links":{"self":[{"href":"https:\/\/cmfionline.org\/de\/wp-json\/wp\/v2\/pages\/20919","targetHints":{"allow":["GET"]}}],"collection":[{"href":"https:\/\/cmfionline.org\/de\/wp-json\/wp\/v2\/pages"}],"about":[{"href":"https:\/\/cmfionline.org\/de\/wp-json\/wp\/v2\/types\/page"}],"author":[{"embeddable":true,"href":"https:\/\/cmfionline.org\/de\/wp-json\/wp\/v2\/users\/1"}],"replies":[{"embeddable":true,"href":"https:\/\/cmfionline.org\/de\/wp-json\/wp\/v2\/comments?post=20919"}],"version-history":[{"count":1,"href":"https:\/\/cmfionline.org\/de\/wp-json\/wp\/v2\/pages\/20919\/revisions"}],"predecessor-version":[{"id":21193,"href":"https:\/\/cmfionline.org\/de\/wp-json\/wp\/v2\/pages\/20919\/revisions\/21193"}],"wp:attachment":[{"href":"https:\/\/cmfionline.org\/de\/wp-json\/wp\/v2\/media?parent=20919"}],"curies":[{"name":"wp","href":"https:\/\/api.w.org\/{rel}","templated":true}]}}